{"id":176,"date":"2017-11-09T23:05:42","date_gmt":"2017-11-09T23:05:42","guid":{"rendered":"http:\/\/communologi.com\/?page_id=176"},"modified":"2017-11-13T13:50:21","modified_gmt":"2017-11-13T13:50:21","slug":"communologi","status":"publish","type":"page","link":"https:\/\/communologi.com\/fr\/","title":{"rendered":"Communologi"},"content":{"rendered":"<div class=\"wpb-content-wrapper\"><p>[vc_section full_width=&#8221;stretch_row&#8221; full_height=&#8221;yes&#8221; content_placement=&#8221;middle&#8221; parallax=&#8221;content-moving&#8221; parallax_image=&#8221;158&#8243;][vc_row][vc_column][vc_column_text]<\/p>\n<h1 class=\"caption-title\" style=\"text-align: center;\"><span class=\"span\">Communologi<\/span><\/h1>\n<div class=\"caption-sub\" style=\"text-align: center;\">Communologi \u2013 la science des communaut\u00e9s, du latin, communitas, \u2018communaut\u00e9\u2019 et du grecque ancien logos, \u2018science\u2019.<\/div>\n<p>[\/vc_column_text][\/vc_column][\/vc_row][\/vc_section][vc_section full_width=&#8221;stretch_row&#8221; css=&#8221;.vc_custom_1510268843785{background-color: #ffffff !important;}&#8221; el_id=&#8221;mission&#8221;][vc_row full_width=&#8221;stretch_row&#8221; css=&#8221;.vc_custom_1510268850395{background-color: #ffffff !important;}&#8221;][vc_column][vc_column_text css=&#8221;.vc_custom_1510268509376{padding-top: 30px !important;padding-right: 20px !important;padding-bottom: 40px !important;padding-left: 20px !important;background-color: #dddddd !important;}&#8221;]<\/p>\n<h1 style=\"text-align: center;\"><strong><span style=\"color: #9c0505;\">G\u00e9rez votre expansion<\/span><\/strong><\/h1>\n<p style=\"text-align: center;\"><span style=\"color: #9c0505;\">Notre mission est d&#8217;aider v\u00f4tre entreprise \u00e0 atteindre les objectifs que vous vous \u00eates fix\u00e9s.<\/span><\/p>\n<p style=\"text-align: center;\"><span style=\"color: #9c0505;\">Depuis plus qu\u2019une d\u00e9cennie nos \u00e9quipes transversales et interculturelles sont \u00e0 la fine pointe des m\u00e9thodes de d\u00e9veloppement d\u00e9lib\u00e9r\u00e9 et durables des petites et moyennes entreprises et startups \u00e0 travers le monde.<\/span><\/p>\n<p style=\"text-align: center;\"><span style=\"color: #9c0505;\">Ensemble, nous aidons les entrepreneurs \u00e0 s&#8217;assurer que la croissance qu&#8217;ils g\u00e9n\u00e8rent est soutenue et perp\u00e9tu\u00e9e.<\/span><\/p>\n<p>[\/vc_column_text][\/vc_column][\/vc_row][\/vc_section][vc_section el_id=&#8221;methodologie&#8221; css=&#8221;.vc_custom_1510268530980{padding-top: 100px !important;padding-bottom: 100px !important;}&#8221;][vc_row][vc_column][vc_column_text]<\/p>\n<h1 style=\"text-align: center;\"><b>M\u00e9thodologie<\/b><\/h1>\n<p>[\/vc_column_text][\/vc_column][\/vc_row][vc_row][vc_column][vc_column_text css=&#8221;.vc_custom_1510268566911{padding-right: 10px !important;padding-left: 10px !important;}&#8221;]<\/p>\n<h2 style=\"text-align: center;\"><i>Cadre<\/i><\/h2>\n<p style=\"text-align: center;\">Votre entreprise en croissance est un organisme vivant dans un environnement hostile. Pour survivre elle doit se d\u00e9fendre contre d\u2019autres organismes plus grands et ayant, pour la plupart, plus de ressources. Pour survivre et prosp\u00e9rer, il faut atteindre une harmonie des diff\u00e9rentes parties composantes de cet organisme \u00e0 travers la gestion d\u00e9lib\u00e9r\u00e9 et efficace, style <em>gu\u00e9rilla<\/em>, de ces trois choses\u00a0:<\/p>\n<p>[\/vc_column_text][\/vc_column][\/vc_row][vc_row][vc_column width=&#8221;1\/3&#8243;][vc_column_text]<\/p>\n<p style=\"text-align: center;\"><strong><i>Le But<\/i><\/strong><\/p>\n<p style=\"text-align: center;\">Valeurs fondamentales et mission (c\u0153ur)<\/p>\n<p>[\/vc_column_text][\/vc_column][vc_column width=&#8221;1\/3&#8243;][vc_column_text]<\/p>\n<p style=\"text-align: center;\"><strong><i>La mani\u00e8re de s&#8217;y rendre<\/i><\/strong><\/p>\n<p style=\"text-align: center;\">Strat\u00e9gie marketing (cerveau)<br \/>\nStructure d&#8217;entreprise (organes reproducteurs)<\/p>\n<p>[\/vc_column_text][\/vc_column][vc_column width=&#8221;1\/3&#8243;][vc_column_text]<\/p>\n<p style=\"text-align: center;\"><strong><i>Les moyens<\/i><\/strong><\/p>\n<p style=\"text-align: center;\">Actifs et finances (sang)<br \/>\nVentes et Communications (muscles)<br \/>\nProduction (syst\u00e8me digestif)<br \/>\nTI et t\u00e9l\u00e9com (syst\u00e8me nerveux)<br \/>\nRH (squelette)<\/p>\n<p>[\/vc_column_text][\/vc_column][\/vc_row][vc_row][vc_column][vc_column_text css=&#8221;.vc_custom_1510268645199{padding-right: 60px !important;padding-left: 60px !important;}&#8221;]<\/p>\n<h2 style=\"text-align: center;\"><i>Application de la m\u00e9thodologie<\/i><\/h2>\n<p>[\/vc_column_text][\/vc_column][\/vc_row][vc_row][vc_column width=&#8221;1\/4&#8243;][vc_column_text]<\/p>\n<p style=\"text-align: center;\"><strong><i>\u00c9valuation <\/i><\/strong><\/p>\n<p style=\"text-align: center;\">Nous travaillons avec vous pour comprendre l&#8217;entreprise<\/p>\n<p>[\/vc_column_text][\/vc_column][vc_column width=&#8221;1\/4&#8243;][vc_column_text]<\/p>\n<p style=\"text-align: center;\"><strong><i>Diagnostique<\/i><\/strong><\/p>\n<p style=\"text-align: center;\">Nous d\u00e9finissons les probl\u00e8mes<\/p>\n<p>[\/vc_column_text][\/vc_column][vc_column width=&#8221;1\/4&#8243;][vc_column_text]<\/p>\n<p style=\"text-align: center;\"><strong><i>Traitement<\/i><\/strong><\/p>\n<p style=\"text-align: center;\">Nous impl\u00e9mentons les solutions<\/p>\n<p>[\/vc_column_text][\/vc_column][vc_column width=&#8221;1\/4&#8243;][vc_column_text]<\/p>\n<p style=\"text-align: center;\"><strong><i>Surveiller et contr\u00f4ler<br \/>\n<\/i><\/strong><\/p>\n<p style=\"text-align: center;\">Nous assurons le suivi et prenons des mesures correctives si n\u00e9cessaire<\/p>\n<p>[\/vc_column_text][\/vc_column][\/vc_row][vc_row][vc_column][vc_column_text css=&#8221;.vc_custom_1510268708557{padding-top: 30px !important;}&#8221;]<\/p>\n<p style=\"text-align: center;\"><strong>Lorsque toutes les pi\u00e8ces sont correctement align\u00e9es, la croissance peut se produire de mani\u00e8re durable.<\/strong><\/p>\n<p>[\/vc_column_text][\/vc_column][\/vc_row][\/vc_section][vc_row full_width=&#8221;stretch_row&#8221; css=&#8221;.vc_custom_1510269289972{padding-top: 50px !important;padding-bottom: 50px !important;background-color: #e0e0e0 !important;}&#8221; el_id=&#8221;cas-etude&#8221;][vc_column][vc_basic_grid post_type=&#8221;post&#8221; max_items=&#8221;3&#8243; grid_id=&#8221;vc_gid:1510580885499-107f5e48-3c71-3&#8243;][\/vc_column][\/vc_row][vc_row el_id=&#8221;contact&#8221; css=&#8221;.vc_custom_1510176318884{padding-top: 100px !important;}&#8221;][vc_column][vc_column_text el_class=&#8221;align-center&#8221;]<\/p>\n<h2 class=\"main-title\" style=\"text-align: center;\">CONTACTEZ-NOUS<\/h2>\n<h4 style=\"text-align: center;\">Permettez-nous de soutenir votre entreprise dans son d\u00e9veloppement pour s\u2019assurer que cette expansion soit solide et continue.<\/h4>\n<p>[\/vc_column_text]\n<div class=\"wpcf7 no-js\" id=\"wpcf7-f181-o1\" lang=\"en-US\" dir=\"ltr\" data-wpcf7-id=\"181\">\n<div class=\"screen-reader-response\"><p role=\"status\" aria-live=\"polite\" aria-atomic=\"true\"><\/p> <ul><\/ul><\/div>\n<form action=\"\/fr\/wp-json\/wp\/v2\/pages\/176#wpcf7-f181-o1\" method=\"post\" class=\"wpcf7-form init\" aria-label=\"Contact form\" novalidate=\"novalidate\" data-status=\"init\">\n<div style=\"display: none;\">\n<input type=\"hidden\" name=\"_wpcf7\" value=\"181\" \/>\n<input type=\"hidden\" name=\"_wpcf7_version\" value=\"6.0.6\" \/>\n<input type=\"hidden\" name=\"_wpcf7_locale\" value=\"en_US\" \/>\n<input type=\"hidden\" name=\"_wpcf7_unit_tag\" value=\"wpcf7-f181-o1\" \/>\n<input type=\"hidden\" name=\"_wpcf7_container_post\" value=\"0\" \/>\n<input type=\"hidden\" name=\"_wpcf7_posted_data_hash\" value=\"\" \/>\n<\/div>\n<p><label> votre nom (requis)<br \/>\n<span class=\"wpcf7-form-control-wrap\" data-name=\"your-name\"><input size=\"40\" maxlength=\"400\" class=\"wpcf7-form-control wpcf7-text wpcf7-validates-as-required\" aria-required=\"true\" aria-invalid=\"false\" value=\"\" type=\"text\" name=\"your-name\" \/><\/span> <\/label>\n<\/p>\n<p><label> Votre adresse courriel (required)<br \/>\n<span class=\"wpcf7-form-control-wrap\" data-name=\"your-email\"><input size=\"40\" maxlength=\"400\" class=\"wpcf7-form-control wpcf7-email wpcf7-validates-as-required wpcf7-text wpcf7-validates-as-email\" aria-required=\"true\" aria-invalid=\"false\" value=\"\" type=\"email\" name=\"your-email\" \/><\/span> <\/label>\n<\/p>\n<p><label> Sujet<br \/>\n<span class=\"wpcf7-form-control-wrap\" data-name=\"your-subject\"><input size=\"40\" maxlength=\"400\" class=\"wpcf7-form-control wpcf7-text\" aria-invalid=\"false\" value=\"\" type=\"text\" name=\"your-subject\" \/><\/span> <\/label>\n<\/p>\n<p><label> Message<br \/>\n<span class=\"wpcf7-form-control-wrap\" data-name=\"your-message\"><textarea cols=\"40\" rows=\"10\" maxlength=\"2000\" class=\"wpcf7-form-control wpcf7-textarea\" aria-invalid=\"false\" name=\"your-message\"><\/textarea><\/span> <\/label>\n<\/p>\n<p><input class=\"wpcf7-form-control wpcf7-submit has-spinner\" type=\"submit\" value=\"Envoyer\" \/>\n<\/p><div class=\"wpcf7-response-output\" aria-hidden=\"true\"><\/div>\n<\/form>\n<\/div>\n[\/vc_column][\/vc_row]<\/p>\n<\/div>","protected":false},"excerpt":{"rendered":"<p>[vc_section full_width=&#8221;stretch_row&#8221; full_height=&#8221;yes&#8221; content_placement=&#8221;middle&#8221; parallax=&#8221;content-moving&#8221; parallax_image=&#8221;158&#8243;][vc_row][vc_column][vc_column_text] Communologi Communologi \u2013 la science des communaut\u00e9s, du latin, communitas, \u2018communaut\u00e9\u2019 et du grecque ancien logos, \u2018science\u2019. [\/vc_column_text][\/vc_column][\/vc_row][\/vc_section][vc_section full_width=&#8221;stretch_row&#8221;<\/p>\n","protected":false},"author":2,"featured_media":0,"parent":0,"menu_order":0,"comment_status":"closed","ping_status":"closed","template":"","meta":{"footnotes":""},"class_list":["post-176","page","type-page","status-publish","hentry"],"yoast_head":"<!-- This site is optimized with the Yoast SEO plugin v26.9 - https:\/\/yoast.com\/product\/yoast-seo-wordpress\/ -->\n<title>Communologi - Communologi<\/title>\n<meta name=\"robots\" content=\"index, follow, max-snippet:-1, max-image-preview:large, max-video-preview:-1\" \/>\n<link rel=\"canonical\" href=\"https:\/\/communologi.com\/fr\/\" \/>\n<meta property=\"og:locale\" content=\"fr_FR\" \/>\n<meta property=\"og:type\" content=\"article\" \/>\n<meta property=\"og:title\" content=\"Communologi - Communologi\" \/>\n<meta property=\"og:description\" content=\"[vc_section full_width=&#8221;stretch_row&#8221; full_height=&#8221;yes&#8221; content_placement=&#8221;middle&#8221; parallax=&#8221;content-moving&#8221; parallax_image=&#8221;158&#8243;][vc_row][vc_column][vc_column_text] Communologi Communologi \u2013 la science des communaut\u00e9s, du latin, communitas, \u2018communaut\u00e9\u2019 et du grecque ancien logos, \u2018science\u2019. [\/vc_column_text][\/vc_column][\/vc_row][\/vc_section][vc_section full_width=&#8221;stretch_row&#8221;\" \/>\n<meta property=\"og:url\" content=\"https:\/\/communologi.com\/fr\/\" \/>\n<meta property=\"og:site_name\" content=\"Communologi\" \/>\n<meta property=\"article:modified_time\" content=\"2017-11-13T13:50:21+00:00\" \/>\n<meta name=\"twitter:card\" content=\"summary_large_image\" \/>\n<meta name=\"twitter:label1\" content=\"Dur\u00e9e de lecture estim\u00e9e\" \/>\n\t<meta name=\"twitter:data1\" content=\"3 minutes\" \/>\n<script type=\"application\/ld+json\" class=\"yoast-schema-graph\">{\"@context\":\"https:\/\/schema.org\",\"@graph\":[{\"@type\":\"WebPage\",\"@id\":\"https:\/\/communologi.com\/fr\/\",\"url\":\"https:\/\/communologi.com\/fr\/\",\"name\":\"Communologi - Communologi\",\"isPartOf\":{\"@id\":\"https:\/\/communologi.com\/#website\"},\"datePublished\":\"2017-11-09T23:05:42+00:00\",\"dateModified\":\"2017-11-13T13:50:21+00:00\",\"breadcrumb\":{\"@id\":\"https:\/\/communologi.com\/fr\/#breadcrumb\"},\"inLanguage\":\"fr-FR\",\"potentialAction\":[{\"@type\":\"ReadAction\",\"target\":[\"https:\/\/communologi.com\/fr\/\"]}]},{\"@type\":\"BreadcrumbList\",\"@id\":\"https:\/\/communologi.com\/fr\/#breadcrumb\",\"itemListElement\":[{\"@type\":\"ListItem\",\"position\":1,\"name\":\"Home\",\"item\":\"https:\/\/communologi.com\/fr\/\"},{\"@type\":\"ListItem\",\"position\":2,\"name\":\"Communologi\"}]},{\"@type\":\"WebSite\",\"@id\":\"https:\/\/communologi.com\/#website\",\"url\":\"https:\/\/communologi.com\/\",\"name\":\"Communologi\",\"description\":\"Manage your expansion!\",\"potentialAction\":[{\"@type\":\"SearchAction\",\"target\":{\"@type\":\"EntryPoint\",\"urlTemplate\":\"https:\/\/communologi.com\/?s={search_term_string}\"},\"query-input\":{\"@type\":\"PropertyValueSpecification\",\"valueRequired\":true,\"valueName\":\"search_term_string\"}}],\"inLanguage\":\"fr-FR\"}]}<\/script>\n<!-- \/ Yoast SEO plugin. -->","yoast_head_json":{"title":"Communologi - Communologi","robots":{"index":"index","follow":"follow","max-snippet":"max-snippet:-1","max-image-preview":"max-image-preview:large","max-video-preview":"max-video-preview:-1"},"canonical":"https:\/\/communologi.com\/fr\/","og_locale":"fr_FR","og_type":"article","og_title":"Communologi - Communologi","og_description":"[vc_section full_width=&#8221;stretch_row&#8221; full_height=&#8221;yes&#8221; content_placement=&#8221;middle&#8221; parallax=&#8221;content-moving&#8221; parallax_image=&#8221;158&#8243;][vc_row][vc_column][vc_column_text] Communologi Communologi \u2013 la science des communaut\u00e9s, du latin, communitas, \u2018communaut\u00e9\u2019 et du grecque ancien logos, \u2018science\u2019. [\/vc_column_text][\/vc_column][\/vc_row][\/vc_section][vc_section full_width=&#8221;stretch_row&#8221;","og_url":"https:\/\/communologi.com\/fr\/","og_site_name":"Communologi","article_modified_time":"2017-11-13T13:50:21+00:00","twitter_card":"summary_large_image","twitter_misc":{"Dur\u00e9e de lecture estim\u00e9e":"3 minutes"},"schema":{"@context":"https:\/\/schema.org","@graph":[{"@type":"WebPage","@id":"https:\/\/communologi.com\/fr\/","url":"https:\/\/communologi.com\/fr\/","name":"Communologi - Communologi","isPartOf":{"@id":"https:\/\/communologi.com\/#website"},"datePublished":"2017-11-09T23:05:42+00:00","dateModified":"2017-11-13T13:50:21+00:00","breadcrumb":{"@id":"https:\/\/communologi.com\/fr\/#breadcrumb"},"inLanguage":"fr-FR","potentialAction":[{"@type":"ReadAction","target":["https:\/\/communologi.com\/fr\/"]}]},{"@type":"BreadcrumbList","@id":"https:\/\/communologi.com\/fr\/#breadcrumb","itemListElement":[{"@type":"ListItem","position":1,"name":"Home","item":"https:\/\/communologi.com\/fr\/"},{"@type":"ListItem","position":2,"name":"Communologi"}]},{"@type":"WebSite","@id":"https:\/\/communologi.com\/#website","url":"https:\/\/communologi.com\/","name":"Communologi","description":"Manage your expansion!","potentialAction":[{"@type":"SearchAction","target":{"@type":"EntryPoint","urlTemplate":"https:\/\/communologi.com\/?s={search_term_string}"},"query-input":{"@type":"PropertyValueSpecification","valueRequired":true,"valueName":"search_term_string"}}],"inLanguage":"fr-FR"}]}},"_links":{"self":[{"href":"https:\/\/communologi.com\/fr\/wp-json\/wp\/v2\/pages\/176","targetHints":{"allow":["GET"]}}],"collection":[{"href":"https:\/\/communologi.com\/fr\/wp-json\/wp\/v2\/pages"}],"about":[{"href":"https:\/\/communologi.com\/fr\/wp-json\/wp\/v2\/types\/page"}],"author":[{"embeddable":true,"href":"https:\/\/communologi.com\/fr\/wp-json\/wp\/v2\/users\/2"}],"replies":[{"embeddable":true,"href":"https:\/\/communologi.com\/fr\/wp-json\/wp\/v2\/comments?post=176"}],"version-history":[{"count":8,"href":"https:\/\/communologi.com\/fr\/wp-json\/wp\/v2\/pages\/176\/revisions"}],"predecessor-version":[{"id":198,"href":"https:\/\/communologi.com\/fr\/wp-json\/wp\/v2\/pages\/176\/revisions\/198"}],"wp:attachment":[{"href":"https:\/\/communologi.com\/fr\/wp-json\/wp\/v2\/media?parent=176"}],"curies":[{"name":"wp","href":"https:\/\/api.w.org\/{rel}","templated":true}]}}